{"id":13136,"date":"2021-07-08T09:10:18","date_gmt":"2021-07-08T07:10:18","guid":{"rendered":"http:\/\/www.wspr.bialystok.pl\/?page_id=13136"},"modified":"2021-08-16T13:38:20","modified_gmt":"2021-08-16T11:38:20","slug":"mistrzostwa-polski-w-ratownictwie-medycznym-2-4-wrzesnia-2021r","status":"publish","type":"page","link":"https:\/\/www.wspr.bialystok.pl\/?page_id=13136","title":{"rendered":"Mistrzostwa Polski w Ratownictwie Medycznym, 2-4 wrze\u015bnia 2021r."},"content":{"rendered":"<div id=\"dslc-theme-content\"><div id=\"dslc-theme-content-inner\"><p><img decoding=\"async\" class=\" wp-image-13222 aligncenter\" src=\"https:\/\/www.wspr.bialystok.pl\/wp-content\/uploads\/2021\/07\/logo-krzyzyk-298x300.png\" alt=\"\" width=\"221\" height=\"222\" srcset=\"https:\/\/www.wspr.bialystok.pl\/wp-content\/uploads\/2021\/07\/logo-krzyzyk-298x300.png 298w, https:\/\/www.wspr.bialystok.pl\/wp-content\/uploads\/2021\/07\/logo-krzyzyk-150x150.png 150w, https:\/\/www.wspr.bialystok.pl\/wp-content\/uploads\/2021\/07\/logo-krzyzyk.png 314w\" sizes=\"(max-width: 221px) 100vw, 221px\" \/><\/p>\n<p>\u00a0<\/p>\n<p style=\"text-align: center;\">Serdecznie informujemy, i\u017c SP ZOZ WSPR w Bia\u0142ymstoku w terminie <strong>2 \u2013 4 wrze\u015bnia 2021r.<\/strong> <strong>w Serwach ko\u0142o Augustowa<\/strong>, organizowa\u0107 b\u0119dzie Mistrzostwa Polski w Ratownictwie Medycznym.<\/p>\n<p>\u00a0<\/p>\n<p style=\"text-align: center;\">Zakwaterowanie uczestnik\u00f3w <a href=\"https:\/\/albatroshotel.pl\/\">Albatros Hotel&amp;SPA<\/a><\/p>\n<p>\u00a0<\/p>\n<table>\n<tbody>\n<tr>\n<td width=\"205\">\n<p style=\"text-align: center;\"><a href=\"https:\/\/www.wspr.bialystok.pl\/wp-content\/uploads\/2021\/07\/FORMULARZ-ZGLOSZENIA_zespoly.doc\" class=\"mtli_attachment mtli_doc\">FORMULARZ ZG\u0141OSZENIA Zesp\u00f3\u0142<\/a><\/p>\n<p style=\"text-align: center;\"><a href=\"https:\/\/www.wspr.bialystok.pl\/wp-content\/uploads\/2021\/07\/Oswiadczenie-ZW-szkolenia.doc\" class=\"mtli_attachment mtli_doc\">O\u015bwiadczenie VAT<\/a><\/p>\n<\/td>\n<td width=\"205\">\n<p style=\"text-align: center;\"><a href=\"https:\/\/www.wspr.bialystok.pl\/wp-content\/uploads\/2021\/07\/FORMULARZ-ZGLOSZENIA.doc\" class=\"mtli_attachment mtli_doc\">FORMULARZ ZGLOSZENIA Inny uczestnik<\/a><\/p>\n<\/td>\n<td width=\"205\">\n<p style=\"text-align: center;\"><a href=\"https:\/\/www.wspr.bialystok.pl\/wp-content\/uploads\/2021\/07\/PROGRAM-zespoly-1.docx\" class=\"mtli_attachment mtli_docx\">Ramowy program Mistrzostw<\/a><\/p>\n<p style=\"text-align: center;\"><a href=\"https:\/\/www.wspr.bialystok.pl\/wp-content\/uploads\/2021\/07\/zgoda-na-przetwarzanie-danych-aktualna.pdf\" class=\"mtli_attachment mtli_pdf\">Zgody na przetwarzanie danych<\/a><\/p>\n<\/td>\n<\/tr>\n<\/tbody>\n<\/table>\n<table>\n<tbody>\n<tr>\n<td width=\"205\">\n<p style=\"text-align: center;\"><a href=\"https:\/\/www.wspr.bialystok.pl\/wp-content\/uploads\/2021\/08\/ANKIETA-EPIDEMIOLOGICZNA.pdf\" class=\"mtli_attachment mtli_pdf\">ANKIETA EPIDEMIOLOGICZNA<\/a><\/p>\n<\/td>\n<td width=\"205\">\n<p style=\"text-align: center;\"><a href=\"https:\/\/www.wspr.bialystok.pl\/wp-content\/uploads\/2021\/08\/procedura-covid.pdf\" class=\"mtli_attachment mtli_pdf\">procedura covid<\/a><\/p>\n<\/td>\n<td width=\"205\">\n<p style=\"text-align: center;\">\u00a0<\/p>\n<\/td>\n<\/tr>\n<\/tbody>\n<\/table>\n<h1 style=\"text-align: center;\">\u00a0<\/h1>\n<h2 style=\"text-align: center;\">\u00a0 \u00a0 \u00a0 \u00a0 \u00a0 \u00a0 \u00a0 <strong>\u00a0Uprzejmie informujemy, i\u017c Mistrzostwa zaplanowane w dniach 2-4 wrze\u015bnia 2021 r.\u00a0 \u00a0 \u00a0 \u00a0 \u00a0 \u00a0 \u00a0 \u00a0 \u00a0 zosta\u0142y prze\u0142o\u017cone na inny termin, o kt\u00f3rym poinformujemy niezw\u0142ocznie.<\/strong><\/h2>\n<p>\u00a0<\/p>\n<p>\u00a0<\/p>\n<p style=\"text-align: center;\"><b>Przyjmowanie<\/b><strong> zg\u0142osze\u0144 zosta\u0142o zako\u0144czone.<\/strong><\/p>\n<p>\u00a0<\/p>\n<p style=\"text-align: center;\"><strong>Patronaty honorowe:<\/strong><\/p>\n<table>\n<tbody>\n<tr>\n<td width=\"154\">\n<p><img decoding=\"async\" class=\"wp-image-13390 aligncenter\" src=\"https:\/\/www.wspr.bialystok.pl\/wp-content\/uploads\/2021\/08\/logopatronat.jpg\" alt=\"\" width=\"184\" height=\"89\" \/><\/p>\n<\/td>\n<td width=\"154\"><img decoding=\"async\" class=\"wp-image-1611 aligncenter\" src=\"https:\/\/www.wspr.bialystok.pl\/wp-content\/uploads\/2014\/05\/Logo-Podlaski-\u017cubr-Wojewoda-300x198.gif\" alt=\"\" width=\"138\" height=\"91\" srcset=\"https:\/\/www.wspr.bialystok.pl\/wp-content\/uploads\/2014\/05\/Logo-Podlaski-\u017cubr-Wojewoda-300x198.gif 300w, https:\/\/www.wspr.bialystok.pl\/wp-content\/uploads\/2014\/05\/Logo-Podlaski-\u017cubr-Wojewoda-1024x676.gif 1024w, https:\/\/www.wspr.bialystok.pl\/wp-content\/uploads\/2014\/05\/Logo-Podlaski-\u017cubr-Wojewoda-462x306.gif 462w, https:\/\/www.wspr.bialystok.pl\/wp-content\/uploads\/2014\/05\/Logo-Podlaski-\u017cubr-Wojewoda-207x136.gif 207w, https:\/\/www.wspr.bialystok.pl\/wp-content\/uploads\/2014\/05\/Logo-Podlaski-\u017cubr-Wojewoda-260x170.gif 260w, https:\/\/www.wspr.bialystok.pl\/wp-content\/uploads\/2014\/05\/Logo-Podlaski-\u017cubr-Wojewoda-430x283.gif 430w, https:\/\/www.wspr.bialystok.pl\/wp-content\/uploads\/2014\/05\/Logo-Podlaski-\u017cubr-Wojewoda-120x80.gif 120w\" sizes=\"(max-width: 138px) 100vw, 138px\" \/><\/td>\n<td width=\"154\"><img loading=\"lazy\" decoding=\"async\" class=\"wp-image-8601 aligncenter\" src=\"https:\/\/www.wspr.bialystok.pl\/wp-content\/uploads\/2019\/07\/logo-1-300x189.jpg\" alt=\"\" width=\"181\" height=\"114\" srcset=\"https:\/\/www.wspr.bialystok.pl\/wp-content\/uploads\/2019\/07\/logo-1-300x189.jpg 300w, https:\/\/www.wspr.bialystok.pl\/wp-content\/uploads\/2019\/07\/logo-1-768x485.jpg 768w, https:\/\/www.wspr.bialystok.pl\/wp-content\/uploads\/2019\/07\/logo-1-1024x646.jpg 1024w\" sizes=\"(max-width: 181px) 100vw, 181px\" \/><\/td>\n<td width=\"154\"><img loading=\"lazy\" decoding=\"async\" class=\"wp-image-1614 aligncenter\" src=\"https:\/\/www.wspr.bialystok.pl\/wp-content\/uploads\/2014\/05\/zprm.jpg\" alt=\"\" width=\"105\" height=\"105\" srcset=\"https:\/\/www.wspr.bialystok.pl\/wp-content\/uploads\/2014\/05\/zprm.jpg 250w, https:\/\/www.wspr.bialystok.pl\/wp-content\/uploads\/2014\/05\/zprm-150x150.jpg 150w, https:\/\/www.wspr.bialystok.pl\/wp-content\/uploads\/2014\/05\/zprm-56x56.jpg 56w, https:\/\/www.wspr.bialystok.pl\/wp-content\/uploads\/2014\/05\/zprm-188x188.jpg 188w, https:\/\/www.wspr.bialystok.pl\/wp-content\/uploads\/2014\/05\/zprm-184x184.jpg 184w\" sizes=\"(max-width: 105px) 100vw, 105px\" \/><\/td>\n<\/tr>\n<\/tbody>\n<\/table>\n<table>\n<tbody>\n<tr>\n<td width=\"154\">\n<p><img loading=\"lazy\" decoding=\"async\" class=\"wp-image-5829 aligncenter\" src=\"https:\/\/www.wspr.bialystok.pl\/wp-content\/uploads\/2017\/03\/POL_Powiat_augustowski_COA.svg_-1-259x300.png\" alt=\"\" width=\"98\" height=\"114\" srcset=\"https:\/\/www.wspr.bialystok.pl\/wp-content\/uploads\/2017\/03\/POL_Powiat_augustowski_COA.svg_-1-259x300.png 259w, https:\/\/www.wspr.bialystok.pl\/wp-content\/uploads\/2017\/03\/POL_Powiat_augustowski_COA.svg_-1-768x890.png 768w, https:\/\/www.wspr.bialystok.pl\/wp-content\/uploads\/2017\/03\/POL_Powiat_augustowski_COA.svg_-1.png 884w\" sizes=\"(max-width: 98px) 100vw, 98px\" \/><\/p>\n<\/td>\n<td width=\"154\">\u00a0<\/td>\n<td width=\"154\">\u00a0<\/td>\n<td width=\"154\">\u00a0<\/td>\n<\/tr>\n<\/tbody>\n<\/table>\n<p style=\"text-align: center;\"><strong>Patronaty naukowe:<\/strong><\/p>\n<table style=\"height: 53px;\" width=\"1308\">\n<tbody>\n<tr>\n<td width=\"205\"><img loading=\"lazy\" decoding=\"async\" class=\"wp-image-13446 aligncenter\" src=\"https:\/\/www.wspr.bialystok.pl\/wp-content\/uploads\/2021\/08\/Med_ratun_logo_konsultanta-300x300.jpg\" alt=\"\" width=\"92\" height=\"92\" srcset=\"https:\/\/www.wspr.bialystok.pl\/wp-content\/uploads\/2021\/08\/Med_ratun_logo_konsultanta-300x300.jpg 300w, https:\/\/www.wspr.bialystok.pl\/wp-content\/uploads\/2021\/08\/Med_ratun_logo_konsultanta-1024x1024.jpg 1024w, https:\/\/www.wspr.bialystok.pl\/wp-content\/uploads\/2021\/08\/Med_ratun_logo_konsultanta-150x150.jpg 150w, https:\/\/www.wspr.bialystok.pl\/wp-content\/uploads\/2021\/08\/Med_ratun_logo_konsultanta-768x768.jpg 768w, https:\/\/www.wspr.bialystok.pl\/wp-content\/uploads\/2021\/08\/Med_ratun_logo_konsultanta.jpg 1041w\" sizes=\"(max-width: 92px) 100vw, 92px\" \/><\/td>\n<td width=\"205\">\n<p><img loading=\"lazy\" decoding=\"async\" class=\" wp-image-7115 aligncenter\" src=\"https:\/\/www.wspr.bialystok.pl\/wp-content\/uploads\/2018\/03\/Logo-kliniki.png\" alt=\"\" width=\"103\" height=\"103\" srcset=\"https:\/\/www.wspr.bialystok.pl\/wp-content\/uploads\/2018\/03\/Logo-kliniki.png 161w, https:\/\/www.wspr.bialystok.pl\/wp-content\/uploads\/2018\/03\/Logo-kliniki-150x150.png 150w, https:\/\/www.wspr.bialystok.pl\/wp-content\/uploads\/2018\/03\/Logo-kliniki-56x56.png 56w\" sizes=\"(max-width: 103px) 100vw, 103px\" \/><\/p>\n<\/td>\n<\/tr>\n<\/tbody>\n<\/table>\n<p style=\"text-align: center;\"><strong>Patronaty medialne:<\/strong><\/p>\n<table>\n<tbody>\n<tr>\n<td width=\"154\">\n<p><img loading=\"lazy\" decoding=\"async\" class=\"wp-image-1093 aligncenter\" src=\"https:\/\/www.wspr.bialystok.pl\/wp-content\/uploads\/2013\/12\/logo_BialystokOnline-300x55.png\" alt=\"\" width=\"240\" height=\"44\" srcset=\"https:\/\/www.wspr.bialystok.pl\/wp-content\/uploads\/2013\/12\/logo_BialystokOnline-300x55.png 300w, https:\/\/www.wspr.bialystok.pl\/wp-content\/uploads\/2013\/12\/logo_BialystokOnline.png 640w\" sizes=\"(max-width: 240px) 100vw, 240px\" \/><\/p>\n<\/td>\n<td width=\"154\">\n<p><img loading=\"lazy\" decoding=\"async\" class=\"wp-image-13223 aligncenter\" src=\"https:\/\/www.wspr.bialystok.pl\/wp-content\/uploads\/2021\/07\/PRB-300x188.jpg\" alt=\"\" width=\"140\" height=\"88\" srcset=\"https:\/\/www.wspr.bialystok.pl\/wp-content\/uploads\/2021\/07\/PRB-300x188.jpg 300w, https:\/\/www.wspr.bialystok.pl\/wp-content\/uploads\/2021\/07\/PRB-768x480.jpg 768w, https:\/\/www.wspr.bialystok.pl\/wp-content\/uploads\/2021\/07\/PRB.jpg 800w\" sizes=\"(max-width: 140px) 100vw, 140px\" \/><\/p>\n<\/td>\n<td width=\"154\">\n<p><img loading=\"lazy\" decoding=\"async\" class=\"wp-image-13225 aligncenter\" src=\"https:\/\/www.wspr.bialystok.pl\/wp-content\/uploads\/2021\/07\/Bez-tytulu-300x161.jpg\" alt=\"\" width=\"147\" height=\"79\" srcset=\"https:\/\/www.wspr.bialystok.pl\/wp-content\/uploads\/2021\/07\/Bez-tytulu-300x161.jpg 300w, https:\/\/www.wspr.bialystok.pl\/wp-content\/uploads\/2021\/07\/Bez-tytulu-1024x549.jpg 1024w, https:\/\/www.wspr.bialystok.pl\/wp-content\/uploads\/2021\/07\/Bez-tytulu-768x411.jpg 768w, https:\/\/www.wspr.bialystok.pl\/wp-content\/uploads\/2021\/07\/Bez-tytulu.jpg 1036w\" sizes=\"(max-width: 147px) 100vw, 147px\" \/><\/p>\n<\/td>\n<td width=\"154\">\n<p><img loading=\"lazy\" decoding=\"async\" class=\"wp-image-4831 aligncenter\" src=\"https:\/\/www.wspr.bialystok.pl\/wp-content\/uploads\/2016\/06\/TVP3_Bialystok_podst-300x179.jpg\" alt=\"\" width=\"121\" height=\"72\" srcset=\"https:\/\/www.wspr.bialystok.pl\/wp-content\/uploads\/2016\/06\/TVP3_Bialystok_podst-300x179.jpg 300w, https:\/\/www.wspr.bialystok.pl\/wp-content\/uploads\/2016\/06\/TVP3_Bialystok_podst.jpg 446w\" sizes=\"(max-width: 121px) 100vw, 121px\" \/><\/p>\n<\/td>\n<\/tr>\n<tr>\n<td width=\"154\">\n<p><img loading=\"lazy\" decoding=\"async\" class=\"size-full wp-image-13227 aligncenter\" src=\"https:\/\/www.wspr.bialystok.pl\/wp-content\/uploads\/2021\/07\/image004.png\" alt=\"\" width=\"99\" height=\"45\" \/><\/p>\n<\/td>\n<td width=\"154\">\n<p><img loading=\"lazy\" decoding=\"async\" class=\"size-full wp-image-13226 aligncenter\" src=\"https:\/\/www.wspr.bialystok.pl\/wp-content\/uploads\/2021\/07\/image002.png\" alt=\"\" width=\"179\" height=\"31\" \/><\/p>\n<\/td>\n<td width=\"154\">\n<p><img loading=\"lazy\" decoding=\"async\" class=\"size-full wp-image-13228 aligncenter\" src=\"https:\/\/www.wspr.bialystok.pl\/wp-content\/uploads\/2021\/07\/image003.png\" alt=\"\" width=\"181\" height=\"33\" \/><\/p>\n<\/td>\n<td width=\"154\">\u00a0<\/td>\n<\/tr>\n<\/tbody>\n<\/table>\n\n\n<p><\/p>\n\n\n\n<p><\/p>\n\n\n\n<p><\/p>\n\n\n\n<p><\/p>\n<\/div><\/div>","protected":false},"excerpt":{"rendered":"<p>\u00a0 Serdecznie informujemy, i\u017c SP ZOZ WSPR w Bia\u0142ymstoku w terminie 2 \u2013 4 wrze\u015bnia 2021r. w Serwach ko\u0142o Augustowa, organizowa\u0107 b\u0119dzie Mistrzostwa Polski w Ratownictwie Medycznym. \u00a0 Zakwaterowanie uczestnik\u00f3w Albatros Hotel&amp;SPA \u00a0 FORMULARZ ZG\u0141OSZENIA Zesp\u00f3\u0142 O\u015bwiadczenie VAT FORMULARZ ZGLOSZENIA Inny uczestnik Ramowy program Mistrzostw Zgody na przetwarzanie danych ANKIETA EPIDEMIOLOGICZNA procedura covid \u00a0 \u00a0 ... <a title=\"Mistrzostwa Polski w Ratownictwie Medycznym, 2-4 wrze\u015bnia 2021r.\" class=\"read-more\" href=\"https:\/\/www.wspr.bialystok.pl\/?page_id=13136\" aria-label=\"Dowiedz si\u0119 wi\u0119cej o Mistrzostwa Polski w Ratownictwie Medycznym, 2-4 wrze\u015bnia 2021r.\">Dowiedz si\u0119 wi\u0119cej<\/a><\/p>\n","protected":false},"author":15,"featured_media":0,"parent":0,"menu_order":0,"comment_status":"closed","ping_status":"closed","template":"","meta":{"footnotes":""},"class_list":["post-13136","page","type-page","status-publish"],"_links":{"self":[{"href":"https:\/\/www.wspr.bialystok.pl\/index.php?rest_route=\/wp\/v2\/pages\/13136","targetHints":{"allow":["GET"]}}],"collection":[{"href":"https:\/\/www.wspr.bialystok.pl\/index.php?rest_route=\/wp\/v2\/pages"}],"about":[{"href":"https:\/\/www.wspr.bialystok.pl\/index.php?rest_route=\/wp\/v2\/types\/page"}],"author":[{"embeddable":true,"href":"https:\/\/www.wspr.bialystok.pl\/index.php?rest_route=\/wp\/v2\/users\/15"}],"replies":[{"embeddable":true,"href":"https:\/\/www.wspr.bialystok.pl\/index.php?rest_route=%2Fwp%2Fv2%2Fcomments&post=13136"}],"version-history":[{"count":35,"href":"https:\/\/www.wspr.bialystok.pl\/index.php?rest_route=\/wp\/v2\/pages\/13136\/revisions"}],"predecessor-version":[{"id":13513,"href":"https:\/\/www.wspr.bialystok.pl\/index.php?rest_route=\/wp\/v2\/pages\/13136\/revisions\/13513"}],"wp:attachment":[{"href":"https:\/\/www.wspr.bialystok.pl\/index.php?rest_route=%2Fwp%2Fv2%2Fmedia&parent=13136"}],"curies":[{"name":"wp","href":"https:\/\/api.w.org\/{rel}","templated":true}]}}