{"id":14242,"date":"2021-11-02T11:43:25","date_gmt":"2021-11-02T10:43:25","guid":{"rendered":"http:\/\/www.wspr.bialystok.pl\/?page_id=14242"},"modified":"2021-11-02T11:44:13","modified_gmt":"2021-11-02T10:44:13","slug":"14242-2","status":"publish","type":"page","link":"https:\/\/www.wspr.bialystok.pl\/?page_id=14242","title":{"rendered":""},"content":{"rendered":"<div id=\"dslc-theme-content\"><div id=\"dslc-theme-content-inner\">\n<h2 class=\"wp-block-heading\">Cia\u0142o obce w ranie <\/h2>\n\n\n\n<pre class=\"wp-block-preformatted\"><strong>Nie wyjmowa\u0107 cia\u0142a obcego z rany!<\/strong>\n  - Cia\u0142o obce, kt\u00f3re tkwi w ranie zapobiega krwawieniu z uszkodzonych tkanek, nierzadko tamponuje ran\u0119\n  - Po usuni\u0119ciu cia\u0142a otwieraj\u0105 si\u0119 uci\u015bni\u0119te dotychczas du\u017ce naczynia krwawi\u0105ce, wywo\u0142uj\u0105c gro\u017ane krwawienie lub krwotok\n  - Po usuni\u0119ciu istnieje niebezpiecze\u0144stwo dodatkowego uszkodzenia g\u0142\u0119biej po\u0142o\u017conych narz\u0105d\u00f3w przez poruszenie tkwi\u0105cego w ranie cia\u0142a obcego\n  - Przeoczenie od\u0142amanych lub odkszta\u0142conych cia\u0142, kt\u00f3rych resztki pozostan\u0105 w ranie, utrudnia dalsze post\u0119powanie\n\n<strong>Post\u0119powanie:<\/strong>\n       1. Nale\u017cy zakry\u0107 ran\u0119 ja\u0142ow\u0105 gaz\u0105 lub czyst\u0105 \u015bciereczk\u0105 wraz z klinowanym w niej cia\u0142em obcym, nie poruszaj\u0105c go i nie zmieniaj\u0105c pozycji\n       2. Wystaj\u0105ce cia\u0142o obce obk\u0142ada si\u0119 okr\u0119\u017cnie materia\u0142em opatrunkowym elastycznym lub innym, aby nie dosz\u0142o do dalszego uszkodzenia tkanek\n\nOpatrunek przymocowuje si\u0119 za pomoc\u0105 chusty tr\u00f3jk\u0105tnej, opaski gazowej lub plastra<\/pre>\n<\/div><\/div>","protected":false},"excerpt":{"rendered":"<p>Cia\u0142o obce w ranie Nie wyjmowa\u0107 cia\u0142a obcego z rany! - Cia\u0142o obce, kt\u00f3re tkwi w ranie zapobiega krwawieniu z uszkodzonych tkanek, nierzadko tamponuje ran\u0119 - Po usuni\u0119ciu cia\u0142a otwieraj\u0105 si\u0119 uci\u015bni\u0119te dotychczas du\u017ce naczynia krwawi\u0105ce, wywo\u0142uj\u0105c gro\u017ane krwawienie lub krwotok - Po usuni\u0119ciu istnieje niebezpiecze\u0144stwo dodatkowego uszkodzenia g\u0142\u0119biej po\u0142o\u017conych narz\u0105d\u00f3w przez poruszenie tkwi\u0105cego w ... <a title=\"\" class=\"read-more\" href=\"https:\/\/www.wspr.bialystok.pl\/?page_id=14242\" aria-label=\"Dowiedz si\u0119 wi\u0119cej o \">Dowiedz si\u0119 wi\u0119cej<\/a><\/p>\n","protected":false},"author":28,"featured_media":0,"parent":0,"menu_order":0,"comment_status":"closed","ping_status":"closed","template":"","meta":{"footnotes":""},"class_list":["post-14242","page","type-page","status-publish"],"_links":{"self":[{"href":"https:\/\/www.wspr.bialystok.pl\/index.php?rest_route=\/wp\/v2\/pages\/14242","targetHints":{"allow":["GET"]}}],"collection":[{"href":"https:\/\/www.wspr.bialystok.pl\/index.php?rest_route=\/wp\/v2\/pages"}],"about":[{"href":"https:\/\/www.wspr.bialystok.pl\/index.php?rest_route=\/wp\/v2\/types\/page"}],"author":[{"embeddable":true,"href":"https:\/\/www.wspr.bialystok.pl\/index.php?rest_route=\/wp\/v2\/users\/28"}],"replies":[{"embeddable":true,"href":"https:\/\/www.wspr.bialystok.pl\/index.php?rest_route=%2Fwp%2Fv2%2Fcomments&post=14242"}],"version-history":[{"count":2,"href":"https:\/\/www.wspr.bialystok.pl\/index.php?rest_route=\/wp\/v2\/pages\/14242\/revisions"}],"predecessor-version":[{"id":14244,"href":"https:\/\/www.wspr.bialystok.pl\/index.php?rest_route=\/wp\/v2\/pages\/14242\/revisions\/14244"}],"wp:attachment":[{"href":"https:\/\/www.wspr.bialystok.pl\/index.php?rest_route=%2Fwp%2Fv2%2Fmedia&parent=14242"}],"curies":[{"name":"wp","href":"https:\/\/api.w.org\/{rel}","templated":true}]}}