{"id":18726,"date":"2024-03-14T10:45:46","date_gmt":"2024-03-14T09:45:46","guid":{"rendered":"http:\/\/www.wspr.bialystok.pl\/?page_id=18726"},"modified":"2024-12-18T14:30:51","modified_gmt":"2024-12-18T13:30:51","slug":"elementor-18726","status":"publish","type":"page","link":"https:\/\/www.wspr.bialystok.pl\/?page_id=18726","title":{"rendered":""},"content":{"rendered":"<div id=\"dslc-theme-content\"><div id=\"dslc-theme-content-inner\">\t\t<div data-elementor-type=\"wp-page\" data-elementor-id=\"18726\" class=\"elementor elementor-18726\" data-elementor-settings=\"{&quot;ha_cmc_init_switcher&quot;:&quot;no&quot;}\">\n\t\t\t\t\t\t<section class=\"elementor-section elementor-top-section elementor-element elementor-element-25687b6 elementor-section-boxed elementor-section-height-default elementor-section-height-default\" data-id=\"25687b6\" data-element_type=\"section\" data-e-type=\"section\" data-settings=\"{&quot;_ha_eqh_enable&quot;:false}\">\n\t\t\t\t\t\t<div class=\"elementor-container elementor-column-gap-default\">\n\t\t\t\t\t<div class=\"elementor-column elementor-col-100 elementor-top-column elementor-element elementor-element-c3e7997\" data-id=\"c3e7997\" data-element_type=\"column\" data-e-type=\"column\">\n\t\t\t<div class=\"elementor-widget-wrap\">\n\t\t\t\t\t\t\t<\/div>\n\t\t<\/div>\n\t\t\t\t\t<\/div>\n\t\t<\/section>\n\t\t\t\t<section class=\"elementor-section elementor-top-section elementor-element elementor-element-245af53 elementor-section-boxed elementor-section-height-default elementor-section-height-default\" data-id=\"245af53\" data-element_type=\"section\" data-e-type=\"section\" data-settings=\"{&quot;_ha_eqh_enable&quot;:false}\">\n\t\t\t\t\t\t<div class=\"elementor-container elementor-column-gap-default\">\n\t\t\t\t\t<div class=\"elementor-column elementor-col-33 elementor-top-column elementor-element elementor-element-d3f47b7\" data-id=\"d3f47b7\" data-element_type=\"column\" data-e-type=\"column\">\n\t\t\t<div class=\"elementor-widget-wrap elementor-element-populated\">\n\t\t\t\t\t\t<div class=\"elementor-element elementor-element-8681534 elementor-widget elementor-widget-image\" data-id=\"8681534\" data-element_type=\"widget\" data-e-type=\"widget\" data-widget_type=\"image.default\">\n\t\t\t\t<div class=\"elementor-widget-container\">\n\t\t\t\t\t\t\t\t\t\t\t\t\t\t\t<img fetchpriority=\"high\" decoding=\"async\" width=\"1024\" height=\"1024\" src=\"https:\/\/www.wspr.bialystok.pl\/wp-content\/uploads\/2023\/09\/logo-szkoly_wspr-1024x1024.png\" class=\"attachment-large size-large wp-image-17646\" alt=\"\" srcset=\"https:\/\/www.wspr.bialystok.pl\/wp-content\/uploads\/2023\/09\/logo-szkoly_wspr-1024x1024.png 1024w, https:\/\/www.wspr.bialystok.pl\/wp-content\/uploads\/2023\/09\/logo-szkoly_wspr-300x300.png 300w, https:\/\/www.wspr.bialystok.pl\/wp-content\/uploads\/2023\/09\/logo-szkoly_wspr-150x150.png 150w, https:\/\/www.wspr.bialystok.pl\/wp-content\/uploads\/2023\/09\/logo-szkoly_wspr-768x768.png 768w, https:\/\/www.wspr.bialystok.pl\/wp-content\/uploads\/2023\/09\/logo-szkoly_wspr-1536x1536.png 1536w, https:\/\/www.wspr.bialystok.pl\/wp-content\/uploads\/2023\/09\/logo-szkoly_wspr-2048x2048.png 2048w, https:\/\/www.wspr.bialystok.pl\/wp-content\/uploads\/2023\/09\/logo-szkoly_wspr-145x145.png 145w, https:\/\/www.wspr.bialystok.pl\/wp-content\/uploads\/2023\/09\/logo-szkoly_wspr-735x735.png 735w\" sizes=\"(max-width: 1024px) 100vw, 1024px\" \/>\t\t\t\t\t\t\t\t\t\t\t\t\t\t\t<\/div>\n\t\t\t\t<\/div>\n\t\t\t\t\t<\/div>\n\t\t<\/div>\n\t\t\t\t<div class=\"elementor-column elementor-col-33 elementor-top-column elementor-element elementor-element-a0f7465\" data-id=\"a0f7465\" data-element_type=\"column\" data-e-type=\"column\">\n\t\t\t<div class=\"elementor-widget-wrap elementor-element-populated\">\n\t\t\t\t\t\t<div class=\"elementor-element elementor-element-3682433 elementor-widget elementor-widget-image\" data-id=\"3682433\" data-element_type=\"widget\" data-e-type=\"widget\" data-widget_type=\"image.default\">\n\t\t\t\t<div class=\"elementor-widget-container\">\n\t\t\t\t\t\t\t\t\t\t\t\t\t\t\t<img decoding=\"async\" width=\"480\" height=\"375\" src=\"https:\/\/www.wspr.bialystok.pl\/wp-content\/uploads\/2024\/03\/giphy.gif\" class=\"attachment-large size-large wp-image-18765\" alt=\"\" \/>\t\t\t\t\t\t\t\t\t\t\t\t\t\t\t<\/div>\n\t\t\t\t<\/div>\n\t\t\t\t\t<\/div>\n\t\t<\/div>\n\t\t\t\t<div class=\"elementor-column elementor-col-33 elementor-top-column elementor-element elementor-element-53a1dad\" data-id=\"53a1dad\" data-element_type=\"column\" data-e-type=\"column\">\n\t\t\t<div class=\"elementor-widget-wrap elementor-element-populated\">\n\t\t\t\t\t\t<div class=\"elementor-element elementor-element-c6ac381 elementor-widget elementor-widget-image\" data-id=\"c6ac381\" data-element_type=\"widget\" data-e-type=\"widget\" data-widget_type=\"image.default\">\n\t\t\t\t<div class=\"elementor-widget-container\">\n\t\t\t\t\t\t\t\t\t\t\t\t\t\t\t<img decoding=\"async\" width=\"874\" height=\"1024\" src=\"https:\/\/www.wspr.bialystok.pl\/wp-content\/uploads\/2024\/02\/Bez-nazwy-2-874x1024.png\" class=\"attachment-large size-large wp-image-18509\" alt=\"\" srcset=\"https:\/\/www.wspr.bialystok.pl\/wp-content\/uploads\/2024\/02\/Bez-nazwy-2-874x1024.png 874w, https:\/\/www.wspr.bialystok.pl\/wp-content\/uploads\/2024\/02\/Bez-nazwy-2-256x300.png 256w, https:\/\/www.wspr.bialystok.pl\/wp-content\/uploads\/2024\/02\/Bez-nazwy-2-768x899.png 768w, https:\/\/www.wspr.bialystok.pl\/wp-content\/uploads\/2024\/02\/Bez-nazwy-2-124x145.png 124w, https:\/\/www.wspr.bialystok.pl\/wp-content\/uploads\/2024\/02\/Bez-nazwy-2-628x735.png 628w, https:\/\/www.wspr.bialystok.pl\/wp-content\/uploads\/2024\/02\/Bez-nazwy-2.png 1274w\" sizes=\"(max-width: 874px) 100vw, 874px\" \/>\t\t\t\t\t\t\t\t\t\t\t\t\t\t\t<\/div>\n\t\t\t\t<\/div>\n\t\t\t\t\t<\/div>\n\t\t<\/div>\n\t\t\t\t\t<\/div>\n\t\t<\/section>\n\t\t\t\t<section class=\"elementor-section elementor-top-section elementor-element elementor-element-3af4134 elementor-section-boxed elementor-section-height-default elementor-section-height-default\" data-id=\"3af4134\" data-element_type=\"section\" data-e-type=\"section\" data-settings=\"{&quot;_ha_eqh_enable&quot;:false}\">\n\t\t\t\t\t\t<div class=\"elementor-container elementor-column-gap-default\">\n\t\t\t\t\t<div class=\"elementor-column elementor-col-33 elementor-top-column elementor-element elementor-element-22a2030\" data-id=\"22a2030\" data-element_type=\"column\" data-e-type=\"column\">\n\t\t\t<div class=\"elementor-widget-wrap elementor-element-populated\">\n\t\t\t\t\t\t<div class=\"elementor-element elementor-element-e33d1a8 ha-infobox-media-dir-top elementor-widget elementor-widget-ha-infobox happy-addon ha-infobox\" data-id=\"e33d1a8\" data-element_type=\"widget\" data-e-type=\"widget\" data-widget_type=\"ha-infobox.default\">\n\t\t\t\t<div class=\"elementor-widget-container\">\n\t\t\t\t\t\n\t\t\t\t\t<figure class=\"ha-infobox-figure ha-infobox-figure--icon\">\n\t\t\t\t<i class=\"fas fa-briefcase-medical\"><\/i>\t\t\t<\/figure>\n\t\t\n\t\t<div class=\"ha-infobox-body\">\n\t\t\t<h4 class=\"ha-infobox-title\">Przedstawiamy si\u0119... <\/h4>\n\t\t\t\t\t\t\t<div class=\"ha-infobox-text\">\n\t\t\t\t\t<p><span style=\"text-align: center\"><i><b style=\", sans-serif\">Podlaskie Centrum Edukacji Medycyny Ratunkowej (PCEMR) przy SP ZOZ WSPR w Bia\u0142ymstoku prowadzi dzia\u0142alno\u015b\u0107 szkoleniow\u0105 w zakresie medycyny ratunkowej i dziedzin pokrewnych od 1991 r. (wcze\u015bniej jako Szko\u0142a Ratownictwa)<\/b>&nbsp;<\/i><\/span><b style=\", sans-serif;font-style: italic;text-align: center\">PCEMR posiada baz\u0119 szkoleniow\u0105 oraz sprz\u0119t do prowadzenia \u0107wicze\u0144 praktycznych. Zaj\u0119cia prowadzone s\u0105 przez wysoko wykwalifikowan\u0105 kadr\u0119 dydaktyczn\u0105 z wieloletnim do\u015bwiadczeniem, zar\u00f3wno w szkoleniu os\u00f3b wykonuj\u0105cych zawody medyczne jak r\u00f3wnie\u017c os\u00f3b nie zwi\u0105zanych z medycyn\u0105, w zakresie udzielania pierwszej pomocy przedmedycznej. Realizujemy te\u017c z powodzeniem szkolenia dofinansowane z funduszy unijnych i krajowych. Organizujemy i prowadzimy pokazy udzielania pierwszej pomocy i inne akcje edukacyjne z zakresu medycyny ratunkowej.<\/b><span style=\"text-align: center\"><b><i><br><\/i><\/b><\/span><span style=\"text-align: center\"><em><span><b><br><\/b><\/span><span><b>Proponujemy szerok\u0105 ofert\u0119 szkole\u0144 zar\u00f3wno dla os\u00f3b wykonuj\u0105cych zaw\u00f3d medyczny (punkty edukacyjne) jak i os\u00f3b nie zwi\u0105zanych zawodowo z medycyn\u0105.<\/b><\/span><\/em><\/span><br><br>\n<\/p>\n\t\t\t\t<\/div>\n\t\t\t\n\t\t\t\t\t<\/div>\n\t\t\t\t\t\t<\/div>\n\t\t\t\t<\/div>\n\t\t\t\t\t<\/div>\n\t\t<\/div>\n\t\t\t\t<div class=\"elementor-column elementor-col-33 elementor-top-column elementor-element elementor-element-375fb72\" data-id=\"375fb72\" data-element_type=\"column\" data-e-type=\"column\">\n\t\t\t<div class=\"elementor-widget-wrap elementor-element-populated\">\n\t\t\t\t\t\t<div class=\"elementor-element elementor-element-9f4204f elementor-absolute elementor-widget elementor-widget-ha-photo-stack happy-addon ha-photo-stack\" data-id=\"9f4204f\" data-element_type=\"widget\" data-e-type=\"widget\" data-settings=\"{&quot;_position&quot;:&quot;absolute&quot;}\" data-widget_type=\"ha-photo-stack.default\">\n\t\t\t\t<div class=\"elementor-widget-container\">\n\t\t\t\t\t\n        <div class=\"ha-photo-stack-wrapper\">\n                                                    <div class=\"ha-photo-stack-item elementor-repeater-item-5bd6de9 ha-scale-md\">\n                        \n                        <img decoding=\"async\" src=\"https:\/\/www.wspr.bialystok.pl\/wp-content\/uploads\/2024\/04\/MG_7907-300x200.jpg\" class=\"scale-sm ha-photo-stack-img\" alt=\"\"\/>\n                                            <\/div>\n                                                                    <div class=\"ha-photo-stack-item elementor-repeater-item-a55aa92 ha-scale-md\">\n                        \n                        <img decoding=\"async\" src=\"https:\/\/www.wspr.bialystok.pl\/wp-content\/uploads\/2024\/04\/MG_8031-200x300.jpg\" class=\"scale-sm ha-photo-stack-img\" alt=\"\"\/>\n                                            <\/div>\n                                                                    <div class=\"ha-photo-stack-item elementor-repeater-item-28ee097 ha-scale-md\">\n                        \n                        <img decoding=\"async\" src=\"https:\/\/www.wspr.bialystok.pl\/wp-content\/uploads\/2024\/04\/MG_8074-300x200.jpg\" class=\"scale-sm ha-photo-stack-img\" alt=\"\"\/>\n                                            <\/div>\n                                                                    <div class=\"ha-photo-stack-item elementor-repeater-item-808d1f2 ha-scale-md\">\n                        \n                        <img decoding=\"async\" src=\"https:\/\/www.wspr.bialystok.pl\/wp-content\/uploads\/2024\/04\/MG_7877-200x300.jpg\" class=\"scale-sm ha-photo-stack-img\" alt=\"\"\/>\n                                            <\/div>\n                                    <\/div>\n\n\n        \t\t\t\t<\/div>\n\t\t\t\t<\/div>\n\t\t\t\t<div class=\"elementor-element elementor-element-62d0d2c elementor-shape-rounded elementor-grid-0 e-grid-align-center elementor-widget elementor-widget-social-icons\" data-id=\"62d0d2c\" data-element_type=\"widget\" data-e-type=\"widget\" data-widget_type=\"social-icons.default\">\n\t\t\t\t<div class=\"elementor-widget-container\">\n\t\t\t\t\t\t\t<div class=\"elementor-social-icons-wrapper elementor-grid\">\n\t\t\t\t\t\t\t<span class=\"elementor-grid-item\">\n\t\t\t\t\t<a class=\"elementor-icon elementor-social-icon elementor-social-icon-facebook elementor-repeater-item-95ff071\" href=\"https:\/\/www.facebook.com\/pogotowie.bialystok\" target=\"_blank\">\n\t\t\t\t\t\t<span class=\"elementor-screen-only\">Facebook<\/span>\n\t\t\t\t\t\t<i aria-hidden=\"true\" class=\"fab fa-facebook\"><\/i>\t\t\t\t\t<\/a>\n\t\t\t\t<\/span>\n\t\t\t\t\t<\/div>\n\t\t\t\t\t\t<\/div>\n\t\t\t\t<\/div>\n\t\t\t\t\t<\/div>\n\t\t<\/div>\n\t\t\t\t<div class=\"elementor-column elementor-col-33 elementor-top-column elementor-element elementor-element-a1f21d3\" data-id=\"a1f21d3\" data-element_type=\"column\" data-e-type=\"column\">\n\t\t\t<div class=\"elementor-widget-wrap elementor-element-populated\">\n\t\t\t\t\t\t<div class=\"elementor-element elementor-element-c8eab32 elementor-widget__width-initial elementor-absolute elementor-widget elementor-widget-ha-creative-button happy-addon ha-creative-button\" data-id=\"c8eab32\" data-element_type=\"widget\" data-e-type=\"widget\" data-settings=\"{&quot;_position&quot;:&quot;absolute&quot;}\" data-widget_type=\"ha-creative-button.default\">\n\t\t\t\t<div class=\"elementor-widget-container\">\n\t\t\t\t\t\t\t<div data-magnetic=\"no\" class=\"ha-creative-btn-wrap\">\n\t\t\t<a class=\"ha-creative-btn ha-stl--hermosa ha-eft--exploit\" href=\"https:\/\/www.wspr.bialystok.pl\/?page_id=1182\" rel=\"nofollow\"><span>Formularz zg\u0142oszenia udzia\u0142u w kursie<\/span><\/a>\n\t\t<\/div>\t\t\t\t<\/div>\n\t\t\t\t<\/div>\n\t\t\t\t<div class=\"elementor-element elementor-element-a926fb5 elementor-widget__width-initial elementor-absolute elementor-widget elementor-widget-ha-creative-button happy-addon ha-creative-button\" data-id=\"a926fb5\" data-element_type=\"widget\" data-e-type=\"widget\" data-settings=\"{&quot;_position&quot;:&quot;absolute&quot;}\" data-widget_type=\"ha-creative-button.default\">\n\t\t\t\t<div class=\"elementor-widget-container\">\n\t\t\t\t\t\t\t<div data-magnetic=\"no\" class=\"ha-creative-btn-wrap\">\n\t\t\t<a class=\"ha-creative-btn ha-stl--hermosa ha-eft--exploit\" href=\"https:\/\/www.wspr.bialystok.pl\/?page_id=174\" rel=\"nofollow\"><span>Kursy ratownictwa i szolenia dla kadry medycznej<\/span><\/a>\n\t\t<\/div>\t\t\t\t<\/div>\n\t\t\t\t<\/div>\n\t\t\t\t<div class=\"elementor-element elementor-element-adc29c3 elementor-widget__width-initial elementor-absolute ha-has-bg-overlay elementor-widget elementor-widget-ha-creative-button happy-addon ha-creative-button\" data-id=\"adc29c3\" data-element_type=\"widget\" data-e-type=\"widget\" data-settings=\"{&quot;_position&quot;:&quot;absolute&quot;}\" data-widget_type=\"ha-creative-button.default\">\n\t\t\t\t<div class=\"elementor-widget-container\">\n\t\t\t\t\t\t\t<div data-magnetic=\"no\" class=\"ha-creative-btn-wrap\">\n\t\t\t<a class=\"ha-creative-btn ha-stl--hermosa ha-eft--exploit\" href=\"https:\/\/www.wspr.bialystok.pl\/?page_id=176\" rel=\"nofollow\"><span>Kursy ratownictwa dla os\u00f3b niemedycznych<\/span><\/a>\n\t\t<\/div>\t\t\t\t<\/div>\n\t\t\t\t<\/div>\n\t\t\t\t<div class=\"elementor-element elementor-element-9d3ad6c elementor-widget__width-inherit elementor-absolute elementor-widget elementor-widget-ha-creative-button happy-addon ha-creative-button\" data-id=\"9d3ad6c\" data-element_type=\"widget\" data-e-type=\"widget\" data-settings=\"{&quot;_position&quot;:&quot;absolute&quot;}\" data-widget_type=\"ha-creative-button.default\">\n\t\t\t\t<div class=\"elementor-widget-container\">\n\t\t\t\t\t\t\t<div data-magnetic=\"no\" class=\"ha-creative-btn-wrap\">\n\t\t\t<a class=\"ha-creative-btn ha-stl--hermosa ha-eft--exploit\" href=\"https:\/\/www.wspr.bialystok.pl\/?page_id=14210\" rel=\"nofollow\"><span>Pierwsza pomoc<\/span><\/a>\n\t\t<\/div>\t\t\t\t<\/div>\n\t\t\t\t<\/div>\n\t\t\t\t<div class=\"elementor-element elementor-element-6ab8bbe elementor-absolute elementor-widget elementor-widget-ha-creative-button happy-addon ha-creative-button\" data-id=\"6ab8bbe\" data-element_type=\"widget\" data-e-type=\"widget\" data-settings=\"{&quot;_position&quot;:&quot;absolute&quot;}\" data-widget_type=\"ha-creative-button.default\">\n\t\t\t\t<div class=\"elementor-widget-container\">\n\t\t\t\t\t\t\t<div data-magnetic=\"no\" class=\"ha-creative-btn-wrap\">\n\t\t\t<a class=\"ha-creative-btn ha-stl--hermosa ha-eft--exploit\" href=\"https:\/\/www.wspr.bialystok.pl\/?page_id=19024\" rel=\"nofollow\"><span>Galeria<\/span><\/a>\n\t\t<\/div>\t\t\t\t<\/div>\n\t\t\t\t<\/div>\n\t\t\t\t<div class=\"elementor-element elementor-element-6e5223e elementor-absolute elementor-widget elementor-widget-ha-creative-button happy-addon ha-creative-button\" data-id=\"6e5223e\" data-element_type=\"widget\" data-e-type=\"widget\" data-settings=\"{&quot;_position&quot;:&quot;absolute&quot;}\" data-widget_type=\"ha-creative-button.default\">\n\t\t\t\t<div class=\"elementor-widget-container\">\n\t\t\t\t\t\t\t<div data-magnetic=\"no\" class=\"ha-creative-btn-wrap\">\n\t\t\t<a class=\"ha-creative-btn ha-stl--hermosa ha-eft--exploit\" href=\"https:\/\/www.wspr.bialystok.pl\/?page_id=178\" rel=\"nofollow\"><span>Wytyczne ERC 2021<\/span><\/a>\n\t\t<\/div>\t\t\t\t<\/div>\n\t\t\t\t<\/div>\n\t\t\t\t\t<\/div>\n\t\t<\/div>\n\t\t\t\t\t<\/div>\n\t\t<\/section>\n\t\t\t\t<section class=\"elementor-section elementor-top-section elementor-element elementor-element-50e08c0 elementor-section-boxed elementor-section-height-default elementor-section-height-default\" data-id=\"50e08c0\" data-element_type=\"section\" data-e-type=\"section\" data-settings=\"{&quot;_ha_eqh_enable&quot;:false}\">\n\t\t\t\t\t\t<div class=\"elementor-container elementor-column-gap-default\">\n\t\t\t\t\t<div class=\"elementor-column elementor-col-100 elementor-top-column elementor-element elementor-element-f89e17f\" data-id=\"f89e17f\" data-element_type=\"column\" data-e-type=\"column\">\n\t\t\t<div class=\"elementor-widget-wrap elementor-element-populated\">\n\t\t\t\t\t\t<section class=\"elementor-section elementor-inner-section elementor-element elementor-element-e116498 elementor-section-boxed elementor-section-height-default elementor-section-height-default\" data-id=\"e116498\" data-element_type=\"section\" data-e-type=\"section\" data-settings=\"{&quot;_ha_eqh_enable&quot;:false}\">\n\t\t\t\t\t\t<div class=\"elementor-container elementor-column-gap-default\">\n\t\t\t\t\t<div class=\"elementor-column elementor-col-50 elementor-inner-column elementor-element elementor-element-b4718e4\" data-id=\"b4718e4\" data-element_type=\"column\" data-e-type=\"column\">\n\t\t\t<div class=\"elementor-widget-wrap elementor-element-populated\">\n\t\t\t\t\t\t<div class=\"elementor-element elementor-element-ea045e9 ha-ff-icon--top elementor-widget elementor-widget-ha-fun-factor happy-addon ha-fun-factor\" data-id=\"ea045e9\" data-element_type=\"widget\" data-e-type=\"widget\" data-widget_type=\"ha-fun-factor.default\">\n\t\t\t\t<div class=\"elementor-widget-container\">\n\t\t\t\t\t\n\t\t<div class=\"ha-fun-factor__wrap\">\n                            <div class=\"ha-fun-factor__media ha-fun-factor__media--icon\">\n                    <i aria-hidden=\"true\" class=\"far fa-grin-wink\"><\/i>                <\/div>\n            \n            <div class=\"ha-fun-factor__content\">\n\t\t\t\t<div class=\"ha-fun-factor__content-number-wrap\">\n\t\t\t\t\t\t                <span class=\"ha-fun-factor__content-number\" data-animation=\"{&quot;toValue&quot;:7526,&quot;duration&quot;:500}\" >0<\/span>\n\t\t\t\t\t\t\t\t\t<\/div>\n                                    <span class=\"ha-fun-factor__divider ha-fun-factor__divider-align-\"><\/span>\n                                <h2 class=\"ha-fun-factor__content-text\">Zadowoleni kursa\u0144ci<\/h2>            <\/div>\n        <\/div>\n\t\t\t\t\t\t<\/div>\n\t\t\t\t<\/div>\n\t\t\t\t\t<\/div>\n\t\t<\/div>\n\t\t\t\t<div class=\"elementor-column elementor-col-50 elementor-inner-column elementor-element elementor-element-7dd3b6d\" data-id=\"7dd3b6d\" data-element_type=\"column\" data-e-type=\"column\">\n\t\t\t<div class=\"elementor-widget-wrap\">\n\t\t\t\t\t\t\t<\/div>\n\t\t<\/div>\n\t\t\t\t\t<\/div>\n\t\t<\/section>\n\t\t\t\t\t<\/div>\n\t\t<\/div>\n\t\t\t\t\t<\/div>\n\t\t<\/section>\n\t\t\t\t<\/div>\n\t\t<\/div><\/div>","protected":false},"excerpt":{"rendered":"<p>Przedstawiamy si\u0119... Podlaskie Centrum Edukacji Medycyny Ratunkowej (PCEMR) przy SP ZOZ WSPR w Bia\u0142ymstoku prowadzi dzia\u0142alno\u015b\u0107 szkoleniow\u0105 w zakresie medycyny ratunkowej i dziedzin pokrewnych od 1991 r. (wcze\u015bniej jako Szko\u0142a Ratownictwa)&nbsp;PCEMR posiada baz\u0119 szkoleniow\u0105 oraz sprz\u0119t do prowadzenia \u0107wicze\u0144 praktycznych. Zaj\u0119cia prowadzone s\u0105 przez wysoko wykwalifikowan\u0105 kadr\u0119 dydaktyczn\u0105 z wieloletnim do\u015bwiadczeniem, zar\u00f3wno w szkoleniu os\u00f3b ... <a title=\"\" class=\"read-more\" href=\"https:\/\/www.wspr.bialystok.pl\/?page_id=18726\" aria-label=\"Dowiedz si\u0119 wi\u0119cej o \">Dowiedz si\u0119 wi\u0119cej<\/a><\/p>\n","protected":false},"author":28,"featured_media":0,"parent":0,"menu_order":0,"comment_status":"closed","ping_status":"closed","template":"","meta":{"footnotes":""},"class_list":["post-18726","page","type-page","status-publish"],"_links":{"self":[{"href":"https:\/\/www.wspr.bialystok.pl\/index.php?rest_route=\/wp\/v2\/pages\/18726","targetHints":{"allow":["GET"]}}],"collection":[{"href":"https:\/\/www.wspr.bialystok.pl\/index.php?rest_route=\/wp\/v2\/pages"}],"about":[{"href":"https:\/\/www.wspr.bialystok.pl\/index.php?rest_route=\/wp\/v2\/types\/page"}],"author":[{"embeddable":true,"href":"https:\/\/www.wspr.bialystok.pl\/index.php?rest_route=\/wp\/v2\/users\/28"}],"replies":[{"embeddable":true,"href":"https:\/\/www.wspr.bialystok.pl\/index.php?rest_route=%2Fwp%2Fv2%2Fcomments&post=18726"}],"version-history":[{"count":105,"href":"https:\/\/www.wspr.bialystok.pl\/index.php?rest_route=\/wp\/v2\/pages\/18726\/revisions"}],"predecessor-version":[{"id":20334,"href":"https:\/\/www.wspr.bialystok.pl\/index.php?rest_route=\/wp\/v2\/pages\/18726\/revisions\/20334"}],"wp:attachment":[{"href":"https:\/\/www.wspr.bialystok.pl\/index.php?rest_route=%2Fwp%2Fv2%2Fmedia&parent=18726"}],"curies":[{"name":"wp","href":"https:\/\/api.w.org\/{rel}","templated":true}]}}