{"id":198,"date":"2013-09-05T22:20:23","date_gmt":"2013-09-05T20:20:23","guid":{"rendered":"http:\/\/serwer1345579.home.pl\/?page_id=198"},"modified":"2026-04-17T13:58:33","modified_gmt":"2026-04-17T11:58:33","slug":"kontakt","status":"publish","type":"page","link":"https:\/\/www.wspr.bialystok.pl\/?page_id=198","title":{"rendered":"Kontakt"},"content":{"rendered":"<div id=\"dslc-theme-content\"><div id=\"dslc-theme-content-inner\"><p style=\"text-align: center;\" align=\"center\"><strong><span style=\"font-size: x-large;\">Samodzielny Publiczny Zak\u0142ad Opieki Zdrowotnej Wojew\u00f3dzka Stacja Pogotowia Ratunkowego w Bia\u0142ymstoku<\/span><\/strong><\/p>\n<p style=\"text-align: left;\" align=\"center\"><strong>Centrala:<\/strong> ul. Poleska 89, 15-874 Bia\u0142ystok<\/p>\n<p style=\"text-align: left;\" align=\"center\">\u00a0<a href=\"mailto:sekretariat@wspr.bialystok.pl\">sekretariat@wspr.bialystok.pl<\/a><\/p>\n<p style=\"text-align: left;\"><strong>Wydzia\u0142 Techniczno-Eksploatacyjny<\/strong>: ul. Pogodna 22, 15-354 Bia\u0142ystok<\/p>\n<p style=\"text-align: left;\"><a href=\"mailto:zts@wspr.bialystok.pl\">zts@wspr.bialystok.pl<\/a><\/p>\n<p style=\"text-align: left;\" align=\"center\"><strong>Elektroniczna skrzynka podawcza e-PUAP \/ e-Dore\u0144czenia<\/strong><\/p>\n<p style=\"text-align: left;\" align=\"center\">Adres skrzynki ePUAP: \/WSPRBialystok\/SkrytkaESP<\/p>\n<p>Adres skrzynki e-Dor\u0119cze\u0144: AE:PL-94298-80382-BWJWT-24<\/p>\n<p><strong><a href=\"https:\/\/www.wspr.bialystok.pl\/?page_id=23736\">Formularz kontaktowy z SP ZOZ WSPR<\/a><\/strong><\/p>\n<p style=\"text-align: center;\" align=\"center\"><strong>Godziny pracy:<\/strong><\/p>\n<p style=\"text-align: left;\"><b>Administracja:<\/b> poniedzia\u0142ek \u2013 pi\u0105tek: 7.30 \u2013 15.05, tel. 85 66 37 350<\/p>\n<p style=\"text-align: left;\"><b>Ratownictwo medyczne:<\/b> codziennie \u2013 ca\u0142\u0105 dob\u0119, tel. 999 (w strukturach WBiZK PUW w Bia\u0142ymstoku)<\/p>\n<p style=\"text-align: left;\"><strong>Stacja Kontroli Pojazd\u00f3w:<\/strong> poniedzia\u0142ek-pi\u0105tek 7:00 do 21.00; sobota 7:00 do 15:00, tel. 85 74 29 582<\/p>\n<p style=\"text-align: left;\"><strong>Stacja Obs\u0142ugi Pojazd\u00f3w Samochodowych:<\/strong> poniedzia\u0142ek-pi\u0105tek 7:00 do 21.00, tel. 85 74 22 061<\/p>\n<p style=\"text-align: left;\"><strong>Stacja Paliw:<\/strong> poniedzia\u0142ek-pi\u0105tek 6:00 do 21.00, sobota 6:00 do 14:00, tel. 85 74 22 067<\/p>\n<p style=\"text-align: center;\"><strong>Administracja:<\/strong><\/p>\n<table border=\"1\" width=\"600\" cellspacing=\"0\" cellpadding=\"0\">\n<tbody>\n<tr>\n<td valign=\"top\" width=\"230\"><b>Biuro Wezwa\u0144 \u2013 Dyspozytornia medyczna (w strukturach WBiZK PUW w Bia\u0142ymstoku)\u00a0<\/b><\/td>\n<td valign=\"top\" width=\"230\"><strong>999 - <\/strong><strong>Wykr\u0119\u0107 tylko w sytuacji zagro\u017cenia zdrowotnego (<a href=\"?page_id=166\">Jak wzywa\u0107<\/a>)<br \/>\n<\/strong><\/td>\n<\/tr>\n<tr>\n<td valign=\"top\" width=\"230\"><b>Centrala<\/b><\/td>\n<td valign=\"top\" width=\"230\"><b>85 66 37 300<\/b><\/td>\n<\/tr>\n<tr>\n<td valign=\"top\" width=\"230\"><b>Kancelaria<\/b><\/td>\n<td valign=\"top\" width=\"230\"><b>85 66 37 350; Fax 85 66 37 302<\/b><\/td>\n<\/tr>\n<tr>\n<td valign=\"top\" width=\"230\"><b>Sekretariat - Dyrektor<\/b><\/td>\n<td valign=\"top\" width=\"230\"><b>85 66 37 301<\/b><\/td>\n<\/tr>\n<tr>\n<td valign=\"top\" width=\"230\"><b>Wydzia\u0142 Medyczny <\/b><\/td>\n<td valign=\"top\" width=\"230\"><\/td>\n<\/tr>\n<tr>\n<td valign=\"top\" width=\"230\">Zast\u0119pca Dyrektora<\/td>\n<td valign=\"top\" width=\"230\"><b>85 66 37 301<\/b><\/td>\n<\/tr>\n<tr>\n<td valign=\"top\" width=\"230\"><b>Wydzia\u0142 Ekonomiczno-Administracyjny<\/b><\/td>\n<td valign=\"top\" width=\"230\"><\/td>\n<\/tr>\n<tr>\n<td valign=\"top\" width=\"230\">Zast\u0119pca Dyrektora<\/td>\n<td valign=\"top\" width=\"230\"><b>85 66 37 301<\/b><\/td>\n<\/tr>\n<tr>\n<td valign=\"top\" width=\"230\"><b>G\u0142\u00f3wny Ksi\u0119gowy<\/b><\/td>\n<td valign=\"top\" width=\"230\"><b>85 66 37 301<\/b><\/td>\n<\/tr>\n<tr>\n<td valign=\"top\" width=\"230\"><b>Kierownik ZPD Bia\u0142ystok <\/b><\/td>\n<td valign=\"top\" width=\"230\"><b>85 66 37 301<\/b><\/td>\n<\/tr>\n<tr>\n<td valign=\"top\" width=\"230\"><b>Dzia\u0142 Statystyki Medycznej i Rejestracji Us\u0142ug<\/b><\/td>\n<td valign=\"top\" width=\"230\"><b>85 66 37 333<\/b><\/td>\n<\/tr>\n<tr>\n<td valign=\"top\" width=\"230\">Kierownik<\/td>\n<td valign=\"top\" width=\"230\"><b>85 66 37 312<\/b><\/td>\n<\/tr>\n<tr>\n<td valign=\"top\" width=\"230\"><b>Dzia\u0142 Kadr i P\u0142ac<\/b><\/td>\n<td valign=\"top\" width=\"230\"><\/td>\n<\/tr>\n<tr>\n<td valign=\"top\" width=\"230\">Kierownik<\/td>\n<td valign=\"top\" width=\"230\"><b>85 66 37 339<\/b><\/td>\n<\/tr>\n<tr>\n<td valign=\"top\" width=\"230\">Kadry<\/td>\n<td valign=\"top\" width=\"230\"><b>85 66 37 347<\/b><\/td>\n<\/tr>\n<tr>\n<td valign=\"top\" width=\"230\">P\u0142ace<\/td>\n<td valign=\"top\" width=\"230\"><b>85 66 37 346<\/b><\/td>\n<\/tr>\n<tr>\n<td valign=\"top\" width=\"230\"><b>Dzia\u0142 Rachunkowo-Finansowy<\/b><\/td>\n<td valign=\"top\" width=\"230\"><b>85 66 37 353; 85 66 37 314<\/b><\/td>\n<\/tr>\n<tr>\n<td valign=\"top\" width=\"230\"><b>Dzia\u0142 Organizacyjno-Prawny<\/b><\/td>\n<td valign=\"top\" width=\"230\"><\/td>\n<\/tr>\n<tr>\n<td valign=\"top\" width=\"230\">Kierownik<\/td>\n<td valign=\"top\" width=\"230\"><b>85 66 37 370<\/b><\/td>\n<\/tr>\n<tr>\n<td valign=\"top\" width=\"230\">Zam\u00f3wienia Publiczne<\/td>\n<td valign=\"top\" width=\"230\"><b>85 66 37 344<\/b><\/td>\n<\/tr>\n<tr>\n<td valign=\"top\" width=\"230\">Fundusze UE i Dotacje<\/td>\n<td valign=\"top\" width=\"230\"><b>85 66 37 344<\/b><\/td>\n<\/tr>\n<tr>\n<td valign=\"top\" width=\"230\"><b>Dzia\u0142 Gospodarczy<br \/>\nBHP<\/b><\/td>\n<td valign=\"top\" width=\"230\"><b>85 66 37 342<\/b><\/td>\n<\/tr>\n<tr>\n<td valign=\"top\" width=\"230\">Kierownik<\/td>\n<td valign=\"top\" width=\"230\"><b>85 66 37 341<\/b><\/td>\n<\/tr>\n<tr>\n<td valign=\"top\" width=\"230\"><b>Podlaskie Centrum Edukacji Medycyny Ratunkowej<\/b><\/td>\n<td valign=\"top\" width=\"230\"><b>85 66 37 340<\/b><\/td>\n<\/tr>\n<tr>\n<td valign=\"top\" width=\"230\"><b>Informatyk<\/b><\/td>\n<td valign=\"top\" width=\"230\"><b>85 66 37 332<\/b><\/td>\n<\/tr>\n<\/tbody>\n<\/table>\n<p style=\"text-align: center;\"><strong>Jak do nas dojecha\u0107?<\/strong><\/p>\n<p><center><iframe src=\"https:\/\/www.google.pl\/maps?sll=53.13778447916299,23.144300200000202&amp;sspn=0.007851896079795013,0.013678908772765399&amp;t=m&amp;q=Poleska+89,+Bia%C5%82ystok&amp;dg=opt&amp;ie=UTF8&amp;hq=&amp;hnear=Poleska+89,+Bia%C5%82ystok,+podlaskie&amp;ll=53.14399,23.145962&amp;spn=0.018019,0.051498&amp;z=14&amp;iwloc=A&amp;output=embed\" width=\"600\" height=\"350\" frameborder=\"0\" marginwidth=\"0\" marginheight=\"0\" scrolling=\"no\"><\/iframe><br \/>\n<small><a style=\"color: #0000ff; text-align: left;\" href=\"https:\/\/www.google.pl\/maps?sll=53.13778447916299,23.144300200000202&amp;sspn=0.007851896079795013,0.013678908772765399&amp;t=m&amp;q=Poleska+89,+Bia%C5%82ystok&amp;dg=opt&amp;ie=UTF8&amp;hq=&amp;hnear=Poleska+89,+Bia%C5%82ystok,+podlaskie&amp;ll=53.14399,23.145962&amp;spn=0.018019,0.051498&amp;z=14&amp;iwloc=A&amp;source=embed\">Wy\u015bwietl wi\u0119ksz\u0105 map\u0119<\/a><\/small><\/center><center>Numery linii autobus\u00f3w, kt\u00f3rymi mo\u017cna do nas dojecha\u0107: 22, 27.<\/center><\/p>\n<p style=\"text-align: center;\"><strong>Wydzia\u0142 Techniczno-Eksploatacyjny:<\/strong><\/p>\n<table border=\"1\" width=\"600\" cellspacing=\"0\" cellpadding=\"0\">\n<tbody>\n<tr>\n<td valign=\"top\" width=\"230\"><b>Dzia\u0142 \u015arodk\u00f3w Transportu i Logistyki tel i fax<\/b><\/td>\n<td valign=\"top\" width=\"230\">85 74 28 536<\/td>\n<\/tr>\n<tr>\n<td valign=\"top\" width=\"230\"><b>Stacja Paliw<\/b><\/td>\n<td valign=\"top\" width=\"230\">85 74 22 067<\/td>\n<\/tr>\n<tr>\n<td valign=\"top\" width=\"230\"><b>Stacja Obs\u0142ugi Pojazd\u00f3w Samochodowych<\/b><\/td>\n<td valign=\"top\" width=\"230\">85 74 22 061<\/td>\n<\/tr>\n<tr>\n<td valign=\"top\" width=\"230\"><b>Diagnostyka Pojazdowa<\/b><\/td>\n<td valign=\"top\" width=\"230\">85 74 29 582<\/td>\n<\/tr>\n<tr>\n<td valign=\"top\" width=\"230\"><b>Myjnia samochodowa<\/b><\/td>\n<td valign=\"top\" width=\"230\">85 74 22 067<\/td>\n<\/tr>\n<tr>\n<td valign=\"top\" width=\"230\"><b>Stacja Kontroli Pojazd\u00f3w<\/b><\/td>\n<td valign=\"top\" width=\"230\">85 74 29 582<\/td>\n<\/tr>\n<\/tbody>\n<\/table>\n<p><center><iframe src=\"https:\/\/www.google.pl\/maps?f=q&amp;source=s_q&amp;hl=pl&amp;geocode=&amp;q=Wojew%C3%B3dzka+Stacja+Pogotowia+Ratunkowego&amp;sll=53.115254,23.134031&amp;sspn=0.028849,0.038366&amp;ie=UTF8&amp;hq=Wojew%C3%B3dzka+Stacja+Pogotowia+Ratunkowego&amp;hnear=&amp;t=m&amp;cid=12873449331415202261&amp;ll=53.122569,23.136435&amp;spn=0.018028,0.051498&amp;z=14&amp;iwloc=A&amp;output=embed\" width=\"600\" height=\"350\" frameborder=\"0\" marginwidth=\"0\" marginheight=\"0\" scrolling=\"no\"><\/iframe><br \/>\n<small><a style=\"color: #0000ff; text-align: left;\" href=\"https:\/\/www.google.pl\/maps?f=q&amp;source=embed&amp;hl=pl&amp;geocode=&amp;q=Wojew%C3%B3dzka+Stacja+Pogotowia+Ratunkowego&amp;sll=53.115254,23.134031&amp;sspn=0.028849,0.038366&amp;ie=UTF8&amp;hq=Wojew%C3%B3dzka+Stacja+Pogotowia+Ratunkowego&amp;hnear=&amp;t=m&amp;cid=12873449331415202261&amp;ll=53.122569,23.136435&amp;spn=0.018028,0.051498&amp;z=14&amp;iwloc=A\">Wy\u015bwietl wi\u0119ksz\u0105 map\u0119<\/a><\/small><\/center><center>Numery linii autobus\u00f3w, kt\u00f3rymi mo\u017cna do nas dojecha\u0107: 8, 11, 17, 27.<\/center><\/p>\n<\/div><\/div>","protected":false},"excerpt":{"rendered":"<p>Samodzielny Publiczny Zak\u0142ad Opieki Zdrowotnej Wojew\u00f3dzka Stacja Pogotowia Ratunkowego w Bia\u0142ymstoku Centrala: ul. Poleska 89, 15-874 Bia\u0142ystok \u00a0sekretariat@wspr.bialystok.pl Wydzia\u0142 Techniczno-Eksploatacyjny: ul. Pogodna 22, 15-354 Bia\u0142ystok zts@wspr.bialystok.pl Elektroniczna skrzynka podawcza e-PUAP \/ e-Dore\u0144czenia Adres skrzynki ePUAP: \/WSPRBialystok\/SkrytkaESP Adres skrzynki e-Dor\u0119cze\u0144: AE:PL-94298-80382-BWJWT-24 Formularz kontaktowy z SP ZOZ WSPR Godziny pracy: Administracja: poniedzia\u0142ek \u2013 pi\u0105tek: 7.30 \u2013 15.05, ... <a title=\"Kontakt\" class=\"read-more\" href=\"https:\/\/www.wspr.bialystok.pl\/?page_id=198\" aria-label=\"Dowiedz si\u0119 wi\u0119cej o Kontakt\">Dowiedz si\u0119 wi\u0119cej<\/a><\/p>\n","protected":false},"author":22,"featured_media":0,"parent":0,"menu_order":0,"comment_status":"closed","ping_status":"open","template":"","meta":{"footnotes":""},"class_list":["post-198","page","type-page","status-publish"],"_links":{"self":[{"href":"https:\/\/www.wspr.bialystok.pl\/index.php?rest_route=\/wp\/v2\/pages\/198","targetHints":{"allow":["GET"]}}],"collection":[{"href":"https:\/\/www.wspr.bialystok.pl\/index.php?rest_route=\/wp\/v2\/pages"}],"about":[{"href":"https:\/\/www.wspr.bialystok.pl\/index.php?rest_route=\/wp\/v2\/types\/page"}],"author":[{"embeddable":true,"href":"https:\/\/www.wspr.bialystok.pl\/index.php?rest_route=\/wp\/v2\/users\/22"}],"replies":[{"embeddable":true,"href":"https:\/\/www.wspr.bialystok.pl\/index.php?rest_route=%2Fwp%2Fv2%2Fcomments&post=198"}],"version-history":[{"count":96,"href":"https:\/\/www.wspr.bialystok.pl\/index.php?rest_route=\/wp\/v2\/pages\/198\/revisions"}],"predecessor-version":[{"id":23739,"href":"https:\/\/www.wspr.bialystok.pl\/index.php?rest_route=\/wp\/v2\/pages\/198\/revisions\/23739"}],"wp:attachment":[{"href":"https:\/\/www.wspr.bialystok.pl\/index.php?rest_route=%2Fwp%2Fv2%2Fmedia&parent=198"}],"curies":[{"name":"wp","href":"https:\/\/api.w.org\/{rel}","templated":true}]}}