{"id":3600,"date":"2015-08-31T12:44:37","date_gmt":"2015-08-31T10:44:37","guid":{"rendered":"http:\/\/www.pogotowie.bialystok.pl\/?page_id=3600"},"modified":"2020-12-15T12:17:18","modified_gmt":"2020-12-15T11:17:18","slug":"udostepnianie-dokumentacji-medycznej","status":"publish","type":"page","link":"https:\/\/www.wspr.bialystok.pl\/?page_id=3600","title":{"rendered":"Udost\u0119pnianie dokumentacji medycznej"},"content":{"rendered":"<div id=\"dslc-theme-content\"><div id=\"dslc-theme-content-inner\"><p style=\"text-align: center;\"><strong>Udost\u0119pnianie dokumentacji medycznej w SP ZOZ WSPR<\/strong><\/p>\n<p><strong>\u00a0<\/strong><\/p>\n<ol>\n<li>Dokumentacja medyczna pacjenta jest w\u0142asno\u015bci\u0105 podmiotu leczniczego udzielaj\u0105cego \u015bwiadcze\u0144 zdrowotnych.<\/li>\n<li>Podmiot leczniczy ma obowi\u0105zek udost\u0119pni\u0107 dokumentacj\u0119 medyczn\u0105:<\/li>\n<\/ol>\n<ul>\n<li>pacjentowi lub jego przedstawicielowi ustawowemu;<\/li>\n<li>osobie upowa\u017cnionej pisemnie przez pacjenta;<\/li>\n<li>innym uprawnionym podmiotom na podstawie przepis\u00f3w prawa;<\/li>\n<\/ul>\n<ol start=\"3\">\n<li>Po \u015bmierci pacjenta, prawo wgl\u0105du w dokumentacj\u0119 medyczn\u0105 ma wy\u0142\u0105cznie osoba upowa\u017cniona przez pacjenta za \u017cycia.<\/li>\n<li>Po \u015bmierci pacjenta dokumentacja medyczna jest udost\u0119pniana osobie upowa\u017cnionej przez pacjenta za \u017cycia lub osobie, kt\u00f3ra w chwili zgonu pacjenta by\u0142a jego przedstawicielem ustawowym. Dokumentacja medyczna jest udost\u0119pniana tak\u017ce osobie bliskiej, chyba \u017ce udost\u0119pnieniu sprzeciwi si\u0119 inna osoba bliska lub sprzeciwi\u0142 si\u0119 temu pacjent za \u017cycia.<\/li>\n<li>W przypadku sporu mi\u0119dzy osobami bliskimi o udost\u0119pnienie dokumentacji medycznej, zgod\u0119 na udost\u0119pnienie wyra\u017ca s\u0105d, o kt\u00f3rym mowa w\u00a0art. 628\u00a0ustawy z dnia 17 listopada 1964 r. KPC.<\/li>\n<li>Dokumentacja medyczna jest udost\u0119pniana w nast\u0119puj\u0105cy spos\u00f3b:<\/li>\n<\/ol>\n<ul>\n<li>do wgl\u0105du w zak\u0142adzie opieki zdrowotnej w obecno\u015bci pracownika udost\u0119pniaj\u0105cego dokumentacj\u0119 i w uzgodnionym terminie;<\/li>\n<li>przez sporz\u0105dzenie jej wyci\u0105gu, odpisu, kopii lub wydruku;<\/li>\n<li>przez wydanie orygina\u0142u za potwierdzeniem odbioru i z zastrze\u017ceniem zwrotu po wykorzystaniu, na \u017c\u0105danie organ\u00f3w w\u0142adzy publicznej albo s\u0105d\u00f3w powszechnych, a tak\u017ce w przypadku gdy zw\u0142oka w wydaniu dokumentacji mog\u0142aby spowodowa\u0107 zagro\u017cenie \u017cycia lub zdrowia pacjenta;<\/li>\n<li>za po\u015brednictwem \u015brodk\u00f3w komunikacji elektronicznej;<\/li>\n<li>na informatycznym no\u015bniku danych.<\/li>\n<\/ul>\n<ol start=\"7\">\n<li>Za udost\u0119pnienie dokumentacji medycznej podmiot udzielaj\u0105cy \u015bwiadcze\u0144 zdrowotnych mo\u017ce pobiera\u0107 op\u0142at\u0119.<\/li>\n<li>Op\u0142aty, o kt\u00f3rej mowa w pkt.5, nie pobiera si\u0119 w przypadku udost\u0119pnienia dokumentacji medycznej:<\/li>\n<\/ol>\n<ul>\n<li>pacjentowi albo jego przedstawicielowi ustawowemu po raz pierwszy w \u017c\u0105danym zakresie i w spos\u00f3b, o kt\u00f3rym mowa w art.27 ustawy o\u00a0 prawach pacjentach i Rzeczniku Praw Pacjenta;<\/li>\n<li>na potrzeby organ\u00f3w rentowych;<\/li>\n<li>w zwi\u0105zku z post\u0119powaniem przed wojew\u00f3dzk\u0105 komisj\u0105 do spraw orzekania o zdarzeniach medycznych, o kt\u00f3rej mowa w art. 67e ust. 1 ustawy o prawach pacjenta i Rzeczniku Praw Pacjenta<strong>;<\/strong><\/li>\n<li>w\u00a0 przypadku udost\u0119pniania dokumentacji medycznej Agencji Oceny Technologii Medycznych i Taryfikacji;<\/li>\n<li>gdy wnioskodawca b\u0119d\u0105cy osob\u0105 fizyczn\u0105 wyka\u017ce, \u017ce nie jest w stanie ponie\u015b\u0107 op\u0142aty bez uszczerbku dla siebie i rodziny w zakresie utrzymania, po uzyskaniu decyzji Jednostki o zwolnieniu z uiszczenie op\u0142aty.<\/li>\n<\/ul>\n<ol start=\"9\">\n<li>Op\u0142at\u0119 za udost\u0119pnienie dokumentacji medycznej ustala podmiot udzielaj\u0105cy \u015bwiadcze\u0144 zdrowotnych;<\/li>\n<li>Maksymalna wysoko\u015b\u0107 op\u0142aty za:<\/li>\n<\/ol>\n<ul>\n<li>jedn\u0105 stron\u0119 wyci\u0105gu albo odpisu dokumentacji medycznej \u2013 nie mo\u017ce przekracza\u0107 0,002,<\/li>\n<li>jedn\u0105 stron\u0119 kopii albo wydruku dokumentacji medycznej \u2013 nie mo\u017ce przekracza\u0107 0,00007,<\/li>\n<li>udost\u0119pnienie dokumentacji medycznej na informatycznym no\u015bniku danych \u2013 nie mo\u017ce przekracza\u0107 0,0004 przeci\u0119tnego wynagrodzenia w poprzednim kwartale, og\u0142aszanego przez Prezesa G\u0142\u00f3wnego Urz\u0119du Statystycznego w Dzienniku Urz\u0119dowym Rzeczypospolitej Polskiej \u201eMonitor Polski\u201d na podstawie art. 20 og\u0142oszenie w \"Monitorze Polskim\" pkt 2 ustawy z dnia 17 grudnia 1998 r. o emeryturach i rentach z Funduszu Ubezpiecze\u0144 Spo\u0142ecznych, pocz\u0105wszy od pierwszego dnia miesi\u0105ca nast\u0119puj\u0105cego po miesi\u0105cu, w kt\u00f3rym nast\u0105pi\u0142o og\u0142oszenie.<\/li>\n<\/ul>\n<ol start=\"11\">\n<li>Wydanie orygina\u0142u za pokwitowaniem odbioru i z zastrze\u017ceniem zwrotu po wykorzystaniu nast\u0119puje wy\u0142\u0105cznie na \u017c\u0105danie uprawnionego organu lub podmiotu. Pacjent nie mo\u017ce \u017c\u0105da\u0107 wydania oryginalnej dokumentacji medycznej, lecz tylko jej kopii, odpis\u00f3w lub wyci\u0105g\u00f3w.<\/li>\n<li>Udost\u0119pnianie dokumentacji nast\u0119puje w trybie zapewniaj\u0105cym zachowanie poufno\u015bci i ochrony danych osobowych. Wi\u0119cej informacji w zakresie przetwarzania danych osobowych znajduje si\u0119 na stronie www.pogotowie.bialystok.pl\/RODO.<\/li>\n<li>Zgoda na udost\u0119pnienie dokumentacji albo jej odmowa nast\u0119puje na podstawie decyzji dyrektora zak\u0142adu lub osoby przez niego upowa\u017cnionej. W przypadku nie wyra\u017cenia zgody odmowa wydania dokumentacji wydawana jest w formie pisemnej z uzasadnieniem.<\/li>\n<li>Wydanie dokumentacji nast\u0119puje za potwierdzeniem to\u017csamo\u015bci wnioskodawcy lub osoby przez niego upowa\u017cnionej dowodem osobistym lub innym dokumentem urz\u0119dowym ze zdj\u0119ciem.<\/li>\n<li>Dokumentacja wydawana jest niezw\u0142ocznie, nie p\u00f3\u017aniej ni\u017c w terminie 3 dni roboczych od daty z\u0142o\u017cenia wniosku.<\/li>\n<li>Dokumentacj\u0119 medyczn\u0105 mo\u017cna odebra\u0107 w dni powszednie w budynku SP ZOZ WSPR w Bia\u0142ymstoku, ul. Poleska 89, w godz. 07:30 \u2013 15:00 w pok. 212<\/li>\n<\/ol>\n<p><em><u>Podstawy prawne:<\/u><\/em><\/p>\n<ol>\n<li><em> Ustawa z dnia 15 kwietnia 2011 r. o dzia\u0142alno\u015bci leczniczej (Dz.U. z 2020 r. poz. 295 wraz z p\u00f3\u017an. zm.);<\/em><\/li>\n<li><em> Ustawa Prawach Pacjenta i Rzeczniku Praw Pacjenta z dnia 6 listopada 2008 r. (Dz.U. z 2020 r. poz. 849);<\/em><\/li>\n<li><em> Rozporz\u0105dzenie Ministra Zdrowia z dnia 6 kwietnia 2020 r. w sprawie rodzaj\u00f3w, zakresu i wzor\u00f3w dokumentacji medycznej oraz sposobu jej przetwarzania (Dz.U. z 2020 r. poz. 666)<\/em><\/li>\n<li><em> Ustawa z dnia 10 maja 2018r. o ochronie danych osobowych (Dz.U. z 2019 r. poz. 1781)<\/em><em>,<\/em><em>Rozporz\u0105dzenie Parlamentu Europejskiego i Rady (UE) 2016\/679 z dnia 27 kwietnia 2016 r. w sprawie ochrony os\u00f3b fizycznych w zwi\u0105zku z przetwarzaniem danych osobowych i w sprawie swobodnego przep\u0142ywu takich danych oraz uchylenia dyrektywy 95\/46\/WE, <\/em><\/li>\n<li><em> Ustawa z dnia 27 sierpnia 2004 r. o \u015bwiadczeniach opieki zdrowotnej finansowanych ze \u015brodk\u00f3w publicznych (Dz.U. z 2020 r. poz. 1398 wraz z p\u00f3\u017an. zm.).<\/em><\/li>\n<li><em> Rozporz\u0105dzenie Ministra Zdrowia z dnia 6 kwietnia 2020r. w sprawie rodzaj\u00f3w, zakresu i wzor\u00f3w dokumentacji medycznej oraz sposobu jej przetwarzania (Dz.U. 2020r. poz. 666).<\/em><\/li>\n<\/ol>\n<p style=\"text-align: left;\"><a href=\"https:\/\/www.wspr.bialystok.pl\/wp-content\/uploads\/2020\/12\/oswiadczenie-o-zwolnieniu-z-tajemnicy-lekarskiej-przy-zgonie-pacjenta.pdf\" class=\"mtli_attachment mtli_pdf\">O\u015bwiadczenie o zwolnieniu z tajemnicy lekarskiej (przy zgonie pacjenta)<\/a><\/p>\n<p style=\"text-align: left;\"><a href=\"https:\/\/www.wspr.bialystok.pl\/wp-content\/uploads\/2020\/12\/oswiadczenie-opiekuna-prawnego.pdf\" class=\"mtli_attachment mtli_pdf\">O\u015bwiadczenie opiekuna prawnego<\/a><\/p>\n<p style=\"text-align: left;\"><a href=\"https:\/\/www.wspr.bialystok.pl\/wp-content\/uploads\/2020\/12\/Procedura-udostepniania-dokumentacji-medycznej.pdf\" class=\"mtli_attachment mtli_pdf\">Procedura udost\u0119pniania dokumentacji medycznej<\/a><\/p>\n<p style=\"text-align: left;\"><a href=\"https:\/\/www.wspr.bialystok.pl\/wp-content\/uploads\/2020\/12\/wniosek-o-wydanie-dokumentacji-medycznej.pdf\" class=\"mtli_attachment mtli_pdf\">Wniosek o wydanie dokumentacji medycznej<\/a><\/p>\n<p style=\"text-align: left;\"><a href=\"http:\/\/www.pogotowie.bialystok.pl\/wp-content\/uploads\/2015\/08\/upowa\u017cnienie-pacjenta.pdf\" class=\"mtli_attachment mtli_pdf\">Upowa\u017cnienie pacjenta<\/a><\/p>\n<\/div><\/div>","protected":false},"excerpt":{"rendered":"<p>Udost\u0119pnianie dokumentacji medycznej w SP ZOZ WSPR \u00a0 Dokumentacja medyczna pacjenta jest w\u0142asno\u015bci\u0105 podmiotu leczniczego udzielaj\u0105cego \u015bwiadcze\u0144 zdrowotnych. Podmiot leczniczy ma obowi\u0105zek udost\u0119pni\u0107 dokumentacj\u0119 medyczn\u0105: pacjentowi lub jego przedstawicielowi ustawowemu; osobie upowa\u017cnionej pisemnie przez pacjenta; innym uprawnionym podmiotom na podstawie przepis\u00f3w prawa; Po \u015bmierci pacjenta, prawo wgl\u0105du w dokumentacj\u0119 medyczn\u0105 ma wy\u0142\u0105cznie osoba upowa\u017cniona przez ... <a title=\"Udost\u0119pnianie dokumentacji medycznej\" class=\"read-more\" href=\"https:\/\/www.wspr.bialystok.pl\/?page_id=3600\" aria-label=\"Dowiedz si\u0119 wi\u0119cej o Udost\u0119pnianie dokumentacji medycznej\">Dowiedz si\u0119 wi\u0119cej<\/a><\/p>\n","protected":false},"author":22,"featured_media":0,"parent":154,"menu_order":0,"comment_status":"closed","ping_status":"closed","template":"","meta":{"footnotes":""},"class_list":["post-3600","page","type-page","status-publish"],"_links":{"self":[{"href":"https:\/\/www.wspr.bialystok.pl\/index.php?rest_route=\/wp\/v2\/pages\/3600","targetHints":{"allow":["GET"]}}],"collection":[{"href":"https:\/\/www.wspr.bialystok.pl\/index.php?rest_route=\/wp\/v2\/pages"}],"about":[{"href":"https:\/\/www.wspr.bialystok.pl\/index.php?rest_route=\/wp\/v2\/types\/page"}],"author":[{"embeddable":true,"href":"https:\/\/www.wspr.bialystok.pl\/index.php?rest_route=\/wp\/v2\/users\/22"}],"replies":[{"embeddable":true,"href":"https:\/\/www.wspr.bialystok.pl\/index.php?rest_route=%2Fwp%2Fv2%2Fcomments&post=3600"}],"version-history":[{"count":16,"href":"https:\/\/www.wspr.bialystok.pl\/index.php?rest_route=\/wp\/v2\/pages\/3600\/revisions"}],"predecessor-version":[{"id":11948,"href":"https:\/\/www.wspr.bialystok.pl\/index.php?rest_route=\/wp\/v2\/pages\/3600\/revisions\/11948"}],"up":[{"embeddable":true,"href":"https:\/\/www.wspr.bialystok.pl\/index.php?rest_route=\/wp\/v2\/pages\/154"}],"wp:attachment":[{"href":"https:\/\/www.wspr.bialystok.pl\/index.php?rest_route=%2Fwp%2Fv2%2Fmedia&parent=3600"}],"curies":[{"name":"wp","href":"https:\/\/api.w.org\/{rel}","templated":true}]}}